
{"id":1262,"date":"2026-03-02T15:51:12","date_gmt":"2026-03-02T14:51:12","guid":{"rendered":"https:\/\/www.ledrezen.com\/tuna-purse-seines\/"},"modified":"2026-03-06T10:00:40","modified_gmt":"2026-03-06T09:00:40","slug":"tuna-purse-seines","status":"publish","type":"page","link":"https:\/\/www.ledrezen.com\/en\/tuna-purse-seines\/","title":{"rendered":"Tuna seines"},"content":{"rendered":"\n<style>\n@import url('https:\/\/fonts.googleapis.com\/css2?family=Fira+Sans:wght@700&display=swap');\n\n.bandeau-expertise {\n    background-color: #FFD200; \/* jaune *\/\n    width: 100%;\n    display: flex;\n    justify-content: center;\n    align-items: center;\n    padding: 24px 20px; \/* bandeau plus fin *\/\n    box-sizing: border-box;\n}\n\n.bandeau-expertise h2 {\n    color: #0B3A82; \/* bleu *\/\n    font-family: 'Fira Sans', sans-serif;\n    font-size: clamp(24px, 3vw, 38px); \/* grandes lettres mais s\u2019adapte *\/\n    font-weight: 700;                  \/* gras *\/\n    text-transform: uppercase;\n    letter-spacing: 1.5px;             \/* lettres l\u00e9g\u00e8rement espac\u00e9es *\/\n    line-height: 1.25;                 \/* phrase compacte mais lisible *\/\n    margin: 0;\n    text-align: center;\n    max-width: 1200px;                 \/* limite la largeur *\/\n    white-space: normal;               \/* permet retour \u00e0 la ligne si n\u00e9cessaire *\/\n    word-break: break-word;            \/* assure que rien ne d\u00e9borde *\/\n}\n<\/style>\n\n<div class=\"bandeau-expertise\">\n    <h2>\n  First-rate expertise and technology, 100% dedicated to the tuna industry\n    <\/h2>\n<\/div>\n\n\n\n<figure class=\"wp-block-gallery has-nested-images columns-default is-cropped wp-block-gallery-1 is-layout-flex wp-block-gallery-is-layout-flex\">\n<figure class=\"wp-block-image size-full\"><img decoding=\"async\" width=\"843\" height=\"1122\" data-id=\"995\" src=\"https:\/\/www.ledrezen.com\/wp-content\/uploads\/2026\/03\/page-senne-a-thon-1.png\" alt=\"\" class=\"wp-image-995\" srcset=\"https:\/\/www.ledrezen.com\/wp-content\/uploads\/2026\/03\/page-senne-a-thon-1.png 843w, https:\/\/www.ledrezen.com\/wp-content\/uploads\/2026\/03\/page-senne-a-thon-1-451x600.png 451w, https:\/\/www.ledrezen.com\/wp-content\/uploads\/2026\/03\/page-senne-a-thon-1-768x1022.png 768w\" sizes=\"(max-width: 843px) 100vw, 843px\" \/><\/figure>\n\n\n\n<figure class=\"wp-block-image size-large\"><img decoding=\"async\" width=\"1920\" height=\"830\" data-id=\"996\" src=\"https:\/\/www.ledrezen.com\/wp-content\/uploads\/2026\/03\/page-senne-a-thon-2-1920x830.png\" alt=\"\" class=\"wp-image-996\" srcset=\"https:\/\/www.ledrezen.com\/wp-content\/uploads\/2026\/03\/page-senne-a-thon-2-1920x830.png 1920w, https:\/\/www.ledrezen.com\/wp-content\/uploads\/2026\/03\/page-senne-a-thon-2-600x259.png 600w, https:\/\/www.ledrezen.com\/wp-content\/uploads\/2026\/03\/page-senne-a-thon-2-768x332.png 768w, https:\/\/www.ledrezen.com\/wp-content\/uploads\/2026\/03\/page-senne-a-thon-2-1536x664.png 1536w, https:\/\/www.ledrezen.com\/wp-content\/uploads\/2026\/03\/page-senne-a-thon-2-2048x885.png 2048w\" sizes=\"(max-width: 1920px) 100vw, 1920px\" \/><\/figure>\n\n\n\n<figure class=\"wp-block-image size-full\"><img decoding=\"async\" width=\"1306\" height=\"985\" data-id=\"997\" src=\"https:\/\/www.ledrezen.com\/wp-content\/uploads\/2026\/03\/page-senne-a-thon-3.png\" alt=\"\" class=\"wp-image-997\" srcset=\"https:\/\/www.ledrezen.com\/wp-content\/uploads\/2026\/03\/page-senne-a-thon-3.png 1306w, https:\/\/www.ledrezen.com\/wp-content\/uploads\/2026\/03\/page-senne-a-thon-3-600x453.png 600w, https:\/\/www.ledrezen.com\/wp-content\/uploads\/2026\/03\/page-senne-a-thon-3-768x579.png 768w\" sizes=\"(max-width: 1306px) 100vw, 1306px\" \/><\/figure>\n<\/figure>\n\n\n\n<div class=\"wp-block-columns is-layout-flex wp-container-core-columns-is-layout-9d6595d7 wp-block-columns-is-layout-flex\">\n<div class=\"wp-block-column is-layout-flow wp-block-column-is-layout-flow\">\n<style>\n@import url('https:\/\/fonts.googleapis.com\/css2?family=Fira+Sans:wght@700&display=swap');\n\n.uniform-banner-p {\n    font-family: 'Fira Sans', sans-serif !important;\n    font-weight: 700 !important;\n    font-size: 2.4rem !important;       \n    line-height: 1.2;\n    text-transform: uppercase;\n    letter-spacing: 2px;\n    text-align: center !important;\n\n    color: #FFD700 !important;          \n    background-color: #0B3A82 !important;\n\n    display: flex;\n    justify-content: center;\n    align-items: center;\n\n    width: 100%;\n    max-width: 1200px;\n    height: 130px;\n    padding: 0 20px;\n    margin: 12px auto;\n\n    border-radius: 8px;\n    box-sizing: border-box;\n}\n<\/style>\n\n<p class=\"uniform-banner-p\">\n  +100 YEARS OF EXPERIENCE\n<\/p>\n<\/div>\n\n\n\n<div class=\"wp-block-column is-layout-flow wp-block-column-is-layout-flow\">\n<style>\n@import url('https:\/\/fonts.googleapis.com\/css2?family=Fira+Sans:wght@700&display=swap');\n\n.uniform-banner-p {\n    font-family: 'Fira Sans', sans-serif; \/* m\u00eame typo que le bandeau *\/\n    font-weight: 700;                     \/* gras *\/\n    font-size: 2rem;                      \/* taille des lettres augment\u00e9e *\/\n    line-height: 1.2;\n    text-transform: lowercase;            \/* texte en minuscules *\/\n    text-align: center;\n    color: #FFD700;                       \/* texte dor\u00e9 *\/\n    background-color: #0B3A82;            \/* bleu exact du site *\/\n    display: flex;                        \/* centrage vertical + horizontal *\/\n    justify-content: center;\n    align-items: center;\n    width: 100%;\n    max-width: 1200px;                    \/* largeur fixe *\/\n    height: 120px;                        \/* hauteur fixe identique pour tous *\/\n    padding: 0 20px;                      \/* a\u00e9ration horizontale *\/\n    margin: 12px auto;                    \/* espace entre les bandeaux *\/\n    border-radius: 4px;                   \/* coins arrondis *\/\n    box-sizing: border-box;\n    overflow-wrap: break-word;            \/* le texte long se wrap si n\u00e9cessaire *\/\n}\n<\/style>\n\n<p class=\"uniform-banner-p\">\n  More than 500 seines for the tuna industry.\n<\/p>\n<\/div>\n\n\n\n<div class=\"wp-block-column is-layout-flow wp-block-column-is-layout-flow\">\n<style>\n@import url('https:\/\/fonts.googleapis.com\/css2?family=Fira+Sans:wght@700&display=swap');\n\n.uniform-banner-p {\n    font-family: 'Fira Sans', sans-serif; \/* m\u00eame typo que le bandeau *\/\n    font-weight: 700;                     \/* gras *\/\n    font-size: 2rem;                      \/* taille des lettres augment\u00e9e *\/\n    line-height: 1.2;\n    text-transform: lowercase;            \/* texte en minuscules *\/\n    text-align: center;\n    color: #FFD700;                       \/* texte dor\u00e9 *\/\n    background-color: #0B3A82;            \/* bleu exact du site *\/\n    display: flex;                        \/* centrage vertical + horizontal *\/\n    justify-content: center;\n    align-items: center;\n    width: 100%;\n    max-width: 1200px;                    \/* largeur fixe *\/\n    height: 120px;                        \/* hauteur fixe identique pour tous *\/\n    padding: 0 20px;                      \/* a\u00e9ration horizontale *\/\n    margin: 12px auto;                    \/* espace entre les bandeaux *\/\n    border-radius: 4px;                   \/* coins arrondis *\/\n    box-sizing: border-box;\n    overflow-wrap: break-word;            \/* le texte long se wrap si n\u00e9cessaire *\/\n}\n<\/style>\n\n<p class=\"uniform-banner-p\">\n  Less than 50% breakage\n<\/p>\n<\/div>\n<\/div>\n\n\n\n<div class=\"wp-block-columns is-layout-flex wp-container-core-columns-is-layout-9d6595d7 wp-block-columns-is-layout-flex\">\n<div class=\"wp-block-column is-layout-flow wp-block-column-is-layout-flow\">\n<style>\n@import url('https:\/\/fonts.googleapis.com\/css2?family=Fira+Sans:wght@700&display=swap');\n\n.uniform-banner-p {\n    font-family: 'Fira Sans', sans-serif !important;\n    font-weight: 700 !important;\n    font-size: 2.4rem !important;       \n    line-height: 1.2;\n    text-transform: uppercase;\n    letter-spacing: 2px;\n    text-align: center !important;\n\n    color: #FFD700 !important;          \n    background-color: #0B3A82 !important;\n\n    display: flex;\n    justify-content: center;\n    align-items: center;\n\n    width: 100%;\n    max-width: 1200px;\n    height: 130px;\n    padding: 0 20px;\n    margin: 12px auto;\n\n    border-radius: 8px;\n    box-sizing: border-box;\n}\n<\/style>\n\n<p class=\"uniform-banner-p\">\n  50% reduction in operating costs\n<\/p>\n<\/div>\n\n\n\n<div class=\"wp-block-column is-layout-flow wp-block-column-is-layout-flow\">\n<style>\n@import url('https:\/\/fonts.googleapis.com\/css2?family=Fira+Sans:wght@700&display=swap');\n\n.uniform-banner-p {\n    font-family: 'Fira Sans', sans-serif !important;\n    font-weight: 700 !important;\n    font-size: 2.4rem !important;       \n    line-height: 1.2;\n    text-transform: uppercase;\n    letter-spacing: 2px;\n    text-align: center !important;\n\n    color: #FFD700 !important;          \n    background-color: #0B3A82 !important;\n\n    display: flex;\n    justify-content: center;\n    align-items: center;\n\n    width: 100%;\n    max-width: 1200px;\n    height: 130px;\n    padding: 0 20px;\n    margin: 12px auto;\n\n    border-radius: 8px;\n    box-sizing: border-box;\n}\n<\/style>\n\n<p class=\"uniform-banner-p\">\n  Amortization 2 to 4 years\n<\/p>\n<\/div>\n\n\n\n<div class=\"wp-block-column is-layout-flow wp-block-column-is-layout-flow\">\n<style>\n@import url('https:\/\/fonts.googleapis.com\/css2?family=Fira+Sans:wght@700&display=swap');\n\n.uniform-banner-p {\n    font-family: 'Fira Sans', sans-serif !important;\n    font-weight: 700 !important;\n    font-size: 2.4rem !important;       \n    line-height: 1.2;\n    text-transform: uppercase;\n    letter-spacing: 2px;\n    text-align: center !important;\n\n    color: #FFD700 !important;          \n    background-color: #0B3A82 !important;\n\n    display: flex;\n    justify-content: center;\n    align-items: center;\n\n    width: 100%;\n    max-width: 1200px;\n    height: 130px;\n    padding: 0 20px;\n    margin: 12px auto;\n\n    border-radius: 8px;\n    box-sizing: border-box;\n}\n<\/style>\n\n<p class=\"uniform-banner-p\">\n  50% cost reduction  \n<\/p>\n<\/div>\n<\/div>\n\n\n\n<h2 class=\"wp-block-heading\">1929-2026: SPECIALISTS IN THE MANUFACTURE OF TUNA SEINE NETS<\/h2>\n\n\n\n<p>Since 1929, Le Drezen has been internationally renowned for its nets and fishing equipment.<\/p>\n\n\n\n<p>Member of the WireCo Group since 2012.<\/p>\n\n\n\n<p>  Le Drezen has designed customized tuna seine nets for leading tuna shipowners, combining tradition and innovation.<\/p>\n\n\n\n<p>Over 90% of components manufactured in our plants. Le Drezen has a strong research and development capability, thanks to the training of its staff and its technology. <\/p>\n\n\n\n<p>The range of equipment produced by Le Drezen is guaranteed by good practices and sustainable development.<\/p>\n\n\n\n<style>\n@import url('https:\/\/fonts.googleapis.com\/css2?family=Fira+Sans:wght@700&display=swap');\n\n.uniform-banner-p {\n    font-family: 'Fira Sans', sans-serif; \/* m\u00eame typo que le bandeau *\/\n    font-weight: 700;                     \/* gras *\/\n    font-size: 1.5rem;                    \/* taille fixe des lettres *\/\n    line-height: 1.2;\n    text-transform: uppercase;            \/* majuscules *\/\n    text-align: center;\n    color: #ffffff;                       \/* texte blanc *\/\n    background-color: #0B3A82;            \/* bleu exact du site *\/\n    display: flex;                        \/* centrage vertical + horizontal *\/\n    justify-content: center;\n    align-items: center;\n    width: 100%;\n    max-width: 1200px;                    \/* largeur fixe *\/\n    height: 120px;                        \/* hauteur fixe identique pour tous *\/\n    padding: 0 20px;                      \/* a\u00e9ration horizontale *\/\n    margin: 12px auto;                    \/* espace entre les bandeaux *\/\n    border-radius: 4px;                   \/* coins arrondis *\/\n    box-sizing: border-box;\n    overflow-wrap: break-word;            \/* le texte long se wrap si n\u00e9cessaire *\/\n}\n<\/style>\n\n<p class=\"uniform-banner-p\">\n  Our aim: to offer the best technical solutions for fishing, reducing costs for shipowners and demonstrating our commitment to sustainable, responsible fishing.\n<\/p>\n\n\n\n<style>@import url('https:\/\/fonts.googleapis.com\/css2?family=Fira+Sans:wght@600;700&display=swap');\n\n.info-download {\n    text-align: center;\n    margin: 40px auto;\n    font-family: 'Fira Sans', sans-serif;\n}\n\n.info-download h3 {\n    font-size: 32px;\n    font-weight: 700;\n    color: #0B3A82; \/* bleu du site *\/\n    margin-bottom: 12px;\n    text-transform: uppercase;\n}\n\n.info-download p {\n    font-size: 18px;\n    font-weight: 600;\n    color: #0B3A82;\n    margin-bottom: 24px;\n}\n\n.info-download .download-btn {\n    display: inline-block;\n    background-color: #0B3A82;\n    color: #ffffff;\n    padding: 16px 36px;\n    font-size: 18px;\n    font-weight: 700;\n    text-transform: uppercase;\n    text-decoration: none;\n    border-radius: 6px;\n    transition: background-color 0.3s ease, transform 0.2s ease;\n}\n\n.info-download .download-btn:hover {\n    background-color: #082c63;\n    transform: translateY(-2px);\n}\n<\/style>\n<div class=\"info-download\">\n  <h3>Find out more<\/h3>\n  <p>You can download detailed documents regarding this expertise.<\/p>\n  <a href=\"#\" class=\"download-btn\">Download documents<\/a>\n<\/div>\n\n\n\n<style>@import url('https:\/\/fonts.googleapis.com\/css2?family=Fira+Sans:wght@600;700&display=swap');\n\n.info-download {\n    text-align: center;\n    margin: 40px auto;\n    font-family: 'Fira Sans', sans-serif;\n}\n\n.info-download h3 {\n    font-size: 32px;\n    font-weight: 700;\n    color: #0B3A82;\n    margin-bottom: 12px;\n    text-transform: uppercase;\n}\n\n.info-download p {\n    font-size: 18px;\n    font-weight: 600;\n    color: #0B3A82;\n    margin-bottom: 24px;\n}\n\n.info-download .download-btn {\n    display: inline-block;\n    background-color: #0B3A82;\n    color: #ffffff;\n    padding: 16px 36px;\n    font-size: 18px;\n    font-weight: 700;\n    text-transform: uppercase;\n    text-decoration: none;\n    border-radius: 6px;\n    transition: background-color 0.3s ease, transform 0.2s ease;\n}\n\n.info-download .download-btn:hover {\n    background-color: #082c63;\n    transform: translateY(-2px);\n}\n<\/style>\n<div class=\"info-download\">\n  <h3>View Products<\/h3>\n  <p>Discover our full range of tuna purse seines.<\/p>\n  <a href=\"https:\/\/www.ledrezen.com\/en\/categorie-produit\/tuna-seine\/\" class=\"download-btn\">\n    View Tuna Purse Seine products\n  <\/a>\n<\/div>\n","protected":false},"excerpt":{"rendered":"<p>First-rate expertise and technology, 100% dedicated to the tuna industry +100 YEARS OF EXPERIENCE More than 500 seines for the tuna industry. Less than 50% breakage 50% reduction in operating costs Amortization 2 to 4 years 50% cost reduction 1929-2026: SPECIALISTS IN THE MANUFACTURE OF TUNA SEINE NETS Since 1929, Le Drezen has been internationally [&hellip;]<\/p>\n","protected":false},"author":3,"featured_media":1263,"parent":0,"menu_order":0,"comment_status":"closed","ping_status":"closed","template":"","meta":{"_acf_changed":false,"footnotes":""},"class_list":["post-1262","page","type-page","status-publish","has-post-thumbnail","hentry"],"acf":[],"_links":{"self":[{"href":"https:\/\/www.ledrezen.com\/en\/wp-json\/wp\/v2\/pages\/1262","targetHints":{"allow":["GET"]}}],"collection":[{"href":"https:\/\/www.ledrezen.com\/en\/wp-json\/wp\/v2\/pages"}],"about":[{"href":"https:\/\/www.ledrezen.com\/en\/wp-json\/wp\/v2\/types\/page"}],"author":[{"embeddable":true,"href":"https:\/\/www.ledrezen.com\/en\/wp-json\/wp\/v2\/users\/3"}],"replies":[{"embeddable":true,"href":"https:\/\/www.ledrezen.com\/en\/wp-json\/wp\/v2\/comments?post=1262"}],"version-history":[{"count":8,"href":"https:\/\/www.ledrezen.com\/en\/wp-json\/wp\/v2\/pages\/1262\/revisions"}],"predecessor-version":[{"id":2198,"href":"https:\/\/www.ledrezen.com\/en\/wp-json\/wp\/v2\/pages\/1262\/revisions\/2198"}],"wp:featuredmedia":[{"embeddable":true,"href":"https:\/\/www.ledrezen.com\/en\/wp-json\/wp\/v2\/media\/1263"}],"wp:attachment":[{"href":"https:\/\/www.ledrezen.com\/en\/wp-json\/wp\/v2\/media?parent=1262"}],"curies":[{"name":"wp","href":"https:\/\/api.w.org\/{rel}","templated":true}]}}