
{"id":1268,"date":"2026-03-04T03:00:02","date_gmt":"2026-03-04T02:00:02","guid":{"rendered":"https:\/\/www.ledrezen.com\/diseno-fabricacion-a-medida\/"},"modified":"2026-03-06T09:53:57","modified_gmt":"2026-03-06T08:53:57","slug":"diseno-fabricacion-a-medida","status":"publish","type":"page","link":"https:\/\/www.ledrezen.com\/es\/diseno-fabricacion-a-medida\/","title":{"rendered":"Dise\u00f1o &#8211; Fabricaci\u00f3n a medida"},"content":{"rendered":"\n<div class=\"wp-block-columns is-layout-flex wp-container-core-columns-is-layout-9d6595d7 wp-block-columns-is-layout-flex\">\n<div class=\"wp-block-column is-layout-flow wp-block-column-is-layout-flow\" style=\"flex-basis:25%\">\n<style>@import url('https:\/\/fonts.googleapis.com\/css2?family=Fira+Sans:wght@700&display=swap');\n\n.uniform-banner-btn {\n    font-family: 'Fira Sans', sans-serif !important;\n    font-weight: 700 !important;\n    font-size: 2.4rem !important;\n    line-height: 1.2;\n    text-transform: uppercase;\n    letter-spacing: 2px;\n    text-align: center !important;\n\n    color: #FFD700 !important;\n    background-color: #0B3A82 !important;\n\n    display: flex;\n    justify-content: center;\n    align-items: center;\n\n    width: 100%;\n    max-width: 1200px;\n    height: 130px;\n    padding: 0 20px;\n    margin: 12px auto;\n\n    border-radius: 8px;\n    box-sizing: border-box;\n\n    text-decoration: none;\n    cursor: pointer;\n\n    \/* Effets *\/\n    box-shadow: 0 6px 14px rgba(0,0,0,0.25);\n    transition: all 0.25s ease;\n}\n\n\/* Survol *\/\n.uniform-banner-btn:hover {\n    background-color: #0f4fb3 !important;\n    transform: translateY(-3px);\n    box-shadow: 0 10px 20px rgba(0,0,0,0.35);\n}\n\n\/* Clic *\/\n.uniform-banner-btn:active {\n    transform: translateY(1px);\n    box-shadow: 0 3px 8px rgba(0,0,0,0.25);\n}\n<\/style><a class=\"uniform-banner-btn\" href=\"https:\/\/www.ledrezen.com\/es\/categorie-produit\/pesca\/\">P\u00caCHE-AQUACULTURE\n<\/a>\n\n\n\n<style>@import url('https:\/\/fonts.googleapis.com\/css2?family=Fira+Sans:wght@700&display=swap');\n\n.uniform-banner-btn {\n    font-family: 'Fira Sans', sans-serif !important;\n    font-weight: 700 !important;\n    font-size: 2.4rem !important;\n    line-height: 1.2;\n    text-transform: uppercase;\n    letter-spacing: 2px;\n    text-align: center !important;\n\n    color: #FFD700 !important;\n    background-color: #0B3A82 !important;\n\n    display: flex;\n    justify-content: center;\n    align-items: center;\n\n    width: 100%;\n    max-width: 1200px;\n    height: 130px;\n    padding: 0 20px;\n    margin: 12px auto;\n\n    border-radius: 8px;\n    box-sizing: border-box;\n\n    text-decoration: none;\n    cursor: pointer;\n\n    \/* Effets *\/\n    box-shadow: 0 6px 14px rgba(0,0,0,0.25);\n    transition: all 0.25s ease;\n}\n\n\/* Hover *\/\n.uniform-banner-btn:hover {\n    background-color: #0f4fb3 !important;\n    transform: translateY(-3px);\n    box-shadow: 0 10px 20px rgba(0,0,0,0.35);\n}\n\n\/* Clic *\/\n.uniform-banner-btn:active {\n    transform: translateY(1px);\n    box-shadow: 0 3px 8px rgba(0,0,0,0.25);\n}\n<\/style><a class=\"uniform-banner-btn\" href=\"https:\/\/www.ledrezen.com\/es\/categorie-produit\/parques-de-aventuras\/\">PARCS D\u2019AVENTURE\n<\/a>\n\n\n\n<style>@import url('https:\/\/fonts.googleapis.com\/css2?family=Fira+Sans:wght@700&display=swap');\n\n.uniform-banner-btn {\n    font-family: 'Fira Sans', sans-serif !important;\n    font-weight: 700 !important;\n    font-size: 2.4rem !important;\n    line-height: 1.2;\n    text-transform: uppercase;\n    letter-spacing: 2px;\n    text-align: center !important;\n\n    color: #FFD700 !important;\n    background-color: #0B3A82 !important;\n\n    display: flex;\n    justify-content: center;\n    align-items: center;\n\n    width: 100%;\n    max-width: 1200px;\n    height: 130px;\n    padding: 0 20px;\n    margin: 12px auto;\n\n    border-radius: 8px;\n    box-sizing: border-box;\n\n    text-decoration: none;\n    cursor: pointer;\n\n    box-shadow: 0 6px 14px rgba(0,0,0,0.25);\n    transition: all 0.25s ease;\n}\n\n.uniform-banner-btn:hover {\n    background-color: #0f4fb3 !important;\n    transform: translateY(-3px);\n    box-shadow: 0 10px 20px rgba(0,0,0,0.35);\n}\n\n.uniform-banner-btn:active {\n    transform: translateY(1px);\n    box-shadow: 0 3px 8px rgba(0,0,0,0.25);\n}\n<\/style><a class=\"uniform-banner-btn\" href=\"https:\/\/www.ledrezen.com\/es\/categorie-produit\/ejercito\/\">ARM\u00c9E\n<\/a>\n\n\n\n<style>@import url('https:\/\/fonts.googleapis.com\/css2?family=Fira+Sans:wght@700&display=swap');\n\n.uniform-banner-btn {\n    font-family: 'Fira Sans', sans-serif !important;\n    font-weight: 700 !important;\n    font-size: 2.4rem !important;\n    line-height: 1.2;\n    text-transform: uppercase;\n    letter-spacing: 2px;\n    text-align: center !important;\n\n    color: #FFD700 !important;\n    background-color: #0B3A82 !important;\n\n    display: flex;\n    justify-content: center;\n    align-items: center;\n\n    width: 100%;\n    max-width: 1200px;\n    height: 130px;\n    padding: 0 20px;\n    margin: 12px auto;\n\n    border-radius: 8px;\n    box-sizing: border-box;\n\n    text-decoration: none;\n    cursor: pointer;\n\n    box-shadow: 0 6px 14px rgba(0,0,0,0.25);\n    transition: all 0.25s ease;\n}\n\n.uniform-banner-btn:hover {\n    background-color: #0f4fb3 !important;\n    transform: translateY(-3px);\n    box-shadow: 0 10px 20px rgba(0,0,0,0.35);\n}\n\n.uniform-banner-btn:active {\n    transform: translateY(1px);\n    box-shadow: 0 3px 8px rgba(0,0,0,0.25);\n}\n<\/style><a class=\"uniform-banner-btn\" href=\"https:\/\/www.ledrezen.com\/es\/categorie-produit\/redes-finas\/\">FILETS FINS\n<\/a>\n<\/div>\n\n\n\n<div class=\"wp-block-column is-layout-flow wp-block-column-is-layout-flow\" style=\"flex-basis:25%\">\n<style>@import url('https:\/\/fonts.googleapis.com\/css2?family=Fira+Sans:wght@700&display=swap');\n\n.uniform-banner-btn {\n    font-family: 'Fira Sans', sans-serif !important;\n    font-weight: 700 !important;\n    font-size: 2.4rem !important;\n    line-height: 1.2;\n    text-transform: uppercase;\n    letter-spacing: 2px;\n    text-align: center !important;\n\n    color: #FFD700 !important;\n    background-color: #0B3A82 !important;\n\n    display: flex;\n    justify-content: center;\n    align-items: center;\n\n    width: 100%;\n    max-width: 1200px;\n    height: 130px;\n    padding: 0 20px;\n    margin: 12px auto;\n\n    border-radius: 8px;\n    box-sizing: border-box;\n\n    text-decoration: none;\n    cursor: pointer;\n\n    \/* Effets *\/\n    box-shadow: 0 6px 14px rgba(0,0,0,0.25);\n    transition: all 0.25s ease;\n}\n\n\/* Survol *\/\n.uniform-banner-btn:hover {\n    background-color: #0f4fb3 !important;\n    transform: translateY(-3px);\n    box-shadow: 0 10px 20px rgba(0,0,0,0.35);\n}\n\n\/* Clic *\/\n.uniform-banner-btn:active {\n    transform: translateY(1px);\n    box-shadow: 0 3px 8px rgba(0,0,0,0.25);\n}\n<\/style><a class=\"uniform-banner-btn\" href=\"https:\/\/www.ledrezen.com\/es\/categorie-produit\/red-de-seguridad\/\">FILET DE S\u00c9CURIT\u00c9\n<\/a>\n\n\n\n<style>@import url('https:\/\/fonts.googleapis.com\/css2?family=Fira+Sans:wght@700&display=swap');\n\n.uniform-banner-btn {\n    font-family: 'Fira Sans', sans-serif !important;\n    font-weight: 700 !important;\n    font-size: 2.4rem !important;\n    line-height: 1.2;\n    text-transform: uppercase;\n    letter-spacing: 2px;\n    text-align: center !important;\n\n    color: #FFD700 !important;\n    background-color: #0B3A82 !important;\n\n    display: flex;\n    justify-content: center;\n    align-items: center;\n\n    width: 100%;\n    max-width: 1200px;\n    height: 130px;\n    padding: 0 20px;\n    margin: 12px auto;\n\n    border-radius: 8px;\n    box-sizing: border-box;\n\n    text-decoration: none;\n    cursor: pointer;\n\n    box-shadow: 0 6px 14px rgba(0,0,0,0.25);\n    transition: all 0.25s ease;\n}\n\n.uniform-banner-btn:hover {\n    background-color: #0f4fb3 !important;\n    transform: translateY(-3px);\n    box-shadow: 0 10px 20px rgba(0,0,0,0.35);\n}\n\n.uniform-banner-btn:active {\n    transform: translateY(1px);\n    box-shadow: 0 3px 8px rgba(0,0,0,0.25);\n}\n<\/style><a class=\"uniform-banner-btn\" href=\"https:\/\/www.ledrezen.com\/es\/categorie-produit\/biogas\/\">BIOGAZ\n<\/a>\n\n\n\n<style>@import url('https:\/\/fonts.googleapis.com\/css2?family=Fira+Sans:wght@700&display=swap');\n\n.uniform-banner-btn {\n    font-family: 'Fira Sans', sans-serif !important;\n    font-weight: 700 !important;\n    font-size: 2.4rem !important;\n    line-height: 1.2;\n    text-transform: uppercase;\n    letter-spacing: 2px;\n    text-align: center !important;\n\n    color: #FFD700 !important;\n    background-color: #0B3A82 !important;\n\n    display: flex;\n    justify-content: center;\n    align-items: center;\n\n    width: 100%;\n    max-width: 1200px;\n    height: 130px;\n    padding: 0 20px;\n    margin: 12px auto;\n\n    border-radius: 8px;\n    box-sizing: border-box;\n\n    text-decoration: none;\n    cursor: pointer;\n\n    box-shadow: 0 6px 14px rgba(0,0,0,0.25);\n    transition: all 0.25s ease;\n}\n\n.uniform-banner-btn:hover {\n    background-color: #0f4fb3 !important;\n    transform: translateY(-3px);\n    box-shadow: 0 10px 20px rgba(0,0,0,0.35);\n}\n\n.uniform-banner-btn:active {\n    transform: translateY(1px);\n    box-shadow: 0 3px 8px rgba(0,0,0,0.25);\n}\n<\/style><a class=\"uniform-banner-btn\" href=\"https:\/\/www.ledrezen.com\/es\/categorie-produit\/agricultura\/\">AGRICULTURE\n<\/a>\n\n\n\n<style>@import url('https:\/\/fonts.googleapis.com\/css2?family=Fira+Sans:wght@700&display=swap');\n\n.uniform-banner-btn {\n    font-family: 'Fira Sans', sans-serif !important;\n    font-weight: 700 !important;\n    font-size: 2.4rem !important;\n    line-height: 1.2;\n    text-transform: uppercase;\n    letter-spacing: 2px;\n    text-align: center !important;\n\n    color: #FFD700 !important;\n    background-color: #0B3A82 !important;\n\n    display: flex;\n    justify-content: center;\n    align-items: center;\n\n    width: 100%;\n    max-width: 1200px;\n    height: 130px;\n    padding: 0 20px;\n    margin: 12px auto;\n\n    border-radius: 8px;\n    box-sizing: border-box;\n\n    text-decoration: none;\n    cursor: pointer;\n\n    box-shadow: 0 6px 14px rgba(0,0,0,0.25);\n    transition: all 0.25s ease;\n}\n\n.uniform-banner-btn:hover {\n    background-color: #0f4fb3 !important;\n    transform: translateY(-3px);\n    box-shadow: 0 10px 20px rgba(0,0,0,0.35);\n}\n\n.uniform-banner-btn:active {\n    transform: translateY(1px);\n    box-shadow: 0 3px 8px rgba(0,0,0,0.25);\n}\n<\/style><a class=\"uniform-banner-btn\" href=\"https:\/\/www.ledrezen.com\/es\/categorie-produit\/redes-de-pie\/\">FILETS DORMANTS\n<\/a>\n<\/div>\n\n\n\n<div class=\"wp-block-column is-layout-flow wp-block-column-is-layout-flow\" style=\"flex-basis:25%\">\n<style>@import url('https:\/\/fonts.googleapis.com\/css2?family=Fira+Sans:wght@700&display=swap');\n\n.uniform-banner-btn {\n    font-family: 'Fira Sans', sans-serif !important;\n    font-weight: 700 !important;\n    font-size: 2.4rem !important;\n    line-height: 1.2;\n    text-transform: uppercase;\n    letter-spacing: 2px;\n    text-align: center !important;\n\n    color: #FFD700 !important;\n    background-color: #0B3A82 !important;\n\n    display: flex;\n    justify-content: center;\n    align-items: center;\n\n    width: 100%;\n    max-width: 1200px;\n    height: 130px;\n    padding: 0 20px;\n    margin: 12px auto;\n\n    border-radius: 8px;\n    box-sizing: border-box;\n\n    text-decoration: none;\n    cursor: pointer;\n\n    \/* Effets *\/\n    box-shadow: 0 6px 14px rgba(0,0,0,0.25);\n    transition: all 0.25s ease;\n}\n\n\/* Hover *\/\n.uniform-banner-btn:hover {\n    background-color: #0f4fb3 !important;\n    transform: translateY(-3px);\n    box-shadow: 0 10px 20px rgba(0,0,0,0.35);\n}\n\n\/* Clic *\/\n.uniform-banner-btn:active {\n    transform: translateY(1px);\n    box-shadow: 0 3px 8px rgba(0,0,0,0.25);\n}\n<\/style><a class=\"uniform-banner-btn\" href=\"https:\/\/www.ledrezen.com\/es\/categorie-produit\/aeropuerto\/\">A\u00c9ROPORT\n<\/a>\n\n\n\n<style>@import url('https:\/\/fonts.googleapis.com\/css2?family=Fira+Sans:wght@700&display=swap');\n\n.uniform-banner-btn {\n    font-family: 'Fira Sans', sans-serif !important;\n    font-weight: 700 !important;\n    font-size: 2.4rem !important;\n    line-height: 1.2;\n    text-transform: uppercase;\n    letter-spacing: 2px;\n    text-align: center !important;\n\n    color: #FFD700 !important;\n    background-color: #0B3A82 !important;\n\n    display: flex;\n    justify-content: center;\n    align-items: center;\n\n    width: 100%;\n    max-width: 1200px;\n    height: 130px;\n    padding: 0 20px;\n    margin: 12px auto;\n\n    border-radius: 8px;\n    box-sizing: border-box;\n\n    text-decoration: none;\n    cursor: pointer;\n\n    box-shadow: 0 6px 14px rgba(0,0,0,0.25);\n    transition: all 0.25s ease;\n}\n\n.uniform-banner-btn:hover {\n    background-color: #0f4fb3 !important;\n    transform: translateY(-3px);\n    box-shadow: 0 10px 20px rgba(0,0,0,0.35);\n}\n\n.uniform-banner-btn:active {\n    transform: translateY(1px);\n    box-shadow: 0 3px 8px rgba(0,0,0,0.25);\n}\n<\/style><a class=\"uniform-banner-btn\" href=\"https:\/\/www.ledrezen.com\/es\/categorie-produit\/deporte-y-ocio\/\">SPORTS ET LOISIRS\n<\/a>\n\n\n\n<style>@import url('https:\/\/fonts.googleapis.com\/css2?family=Fira+Sans:wght@700&display=swap');\n\n.uniform-banner-btn {\n    font-family: 'Fira Sans', sans-serif !important;\n    font-weight: 700 !important;\n    font-size: 2.4rem !important;\n    line-height: 1.2;\n    text-transform: uppercase;\n    letter-spacing: 2px;\n    text-align: center !important;\n\n    color: #FFD700 !important;\n    background-color: #0B3A82 !important;\n\n    display: flex;\n    justify-content: center;\n    align-items: center;\n\n    width: 100%;\n    max-width: 1200px;\n    height: 130px;\n    padding: 0 20px;\n    margin: 12px auto;\n\n    border-radius: 8px;\n    box-sizing: border-box;\n\n    text-decoration: none;\n    cursor: pointer;\n\n    box-shadow: 0 6px 14px rgba(0,0,0,0.25);\n    transition: all 0.25s ease;\n}\n\n.uniform-banner-btn:hover {\n    background-color: #0f4fb3 !important;\n    transform: translateY(-3px);\n    box-shadow: 0 10px 20px rgba(0,0,0,0.35);\n}\n\n.uniform-banner-btn:active {\n    transform: translateY(1px);\n    box-shadow: 0 3px 8px rgba(0,0,0,0.25);\n}\n<\/style><a class=\"uniform-banner-btn\" href=\"https:\/\/www.ledrezen.com\/es\/categorie-produit\/autoridades-locales\/\">COLLECTIVIT\u00c9S LOCALES\n<\/a>\n\n\n\n<style>@import url('https:\/\/fonts.googleapis.com\/css2?family=Fira+Sans:wght@700&display=swap');\n\n.uniform-banner-btn {\n    font-family: 'Fira Sans', sans-serif !important;\n    font-weight: 700 !important;\n    font-size: 2.4rem !important;\n    line-height: 1.2;\n    text-transform: uppercase;\n    letter-spacing: 2px;\n    text-align: center !important;\n\n    color: #FFD700 !important;\n    background-color: #0B3A82 !important;\n\n    display: flex;\n    justify-content: center;\n    align-items: center;\n\n    width: 100%;\n    max-width: 1200px;\n    height: 130px;\n    padding: 0 20px;\n    margin: 12px auto;\n\n    border-radius: 8px;\n    box-sizing: border-box;\n\n    text-decoration: none;\n    cursor: pointer;\n\n    box-shadow: 0 6px 14px rgba(0,0,0,0.25);\n    transition: all 0.25s ease;\n}\n\n.uniform-banner-btn:hover {\n    background-color: #0f4fb3 !important;\n    transform: translateY(-3px);\n    box-shadow: 0 10px 20px rgba(0,0,0,0.35);\n}\n\n.uniform-banner-btn:active {\n    transform: translateY(1px);\n    box-shadow: 0 3px 8px rgba(0,0,0,0.25);\n}\n<\/style><a class=\"uniform-banner-btn\" href=\"https:\/\/www.ledrezen.com\/es\/categorie-produit\/maritimo\/\">MARITIME\n<\/a>\n<\/div>\n<\/div>\n\n<p><\/p>\n","protected":false},"excerpt":{"rendered":"<p>P\u00caCHE-AQUACULTURE PARCS D\u2019AVENTURE ARM\u00c9E FILETS FINS FILET DE S\u00c9CURIT\u00c9 BIOGAZ AGRICULTURE FILETS DORMANTS A\u00c9ROPORT SPORTS ET LOISIRS COLLECTIVIT\u00c9S LOCALES MARITIME<\/p>\n","protected":false},"author":3,"featured_media":1269,"parent":0,"menu_order":0,"comment_status":"closed","ping_status":"closed","template":"","meta":{"_acf_changed":false,"footnotes":""},"class_list":["post-1268","page","type-page","status-publish","has-post-thumbnail","hentry"],"acf":[],"_links":{"self":[{"href":"https:\/\/www.ledrezen.com\/es\/wp-json\/wp\/v2\/pages\/1268","targetHints":{"allow":["GET"]}}],"collection":[{"href":"https:\/\/www.ledrezen.com\/es\/wp-json\/wp\/v2\/pages"}],"about":[{"href":"https:\/\/www.ledrezen.com\/es\/wp-json\/wp\/v2\/types\/page"}],"author":[{"embeddable":true,"href":"https:\/\/www.ledrezen.com\/es\/wp-json\/wp\/v2\/users\/3"}],"replies":[{"embeddable":true,"href":"https:\/\/www.ledrezen.com\/es\/wp-json\/wp\/v2\/comments?post=1268"}],"version-history":[{"count":5,"href":"https:\/\/www.ledrezen.com\/es\/wp-json\/wp\/v2\/pages\/1268\/revisions"}],"predecessor-version":[{"id":2189,"href":"https:\/\/www.ledrezen.com\/es\/wp-json\/wp\/v2\/pages\/1268\/revisions\/2189"}],"wp:featuredmedia":[{"embeddable":true,"href":"https:\/\/www.ledrezen.com\/es\/wp-json\/wp\/v2\/media\/1269"}],"wp:attachment":[{"href":"https:\/\/www.ledrezen.com\/es\/wp-json\/wp\/v2\/media?parent=1268"}],"curies":[{"name":"wp","href":"https:\/\/api.w.org\/{rel}","templated":true}]}}