
{"id":1271,"date":"2026-02-25T16:54:01","date_gmt":"2026-02-25T15:54:01","guid":{"rendered":"https:\/\/www.ledrezen.com\/arrastre-pelagico\/"},"modified":"2026-03-04T16:18:00","modified_gmt":"2026-03-04T15:18:00","slug":"arrastre-pelagico","status":"publish","type":"page","link":"https:\/\/www.ledrezen.com\/es\/arrastre-pelagico\/","title":{"rendered":"Arrastre pel\u00e1gico"},"content":{"rendered":"\n<p>Elegir una red de arrastre pel\u00e1gica Le Drezen es invertir en un rendimiento duradero. Optimiza su coste de uso gracias a una vida \u00fatil prolongada, reduce su consumo de combustible gracias a una resistencia controlada y limita los da\u00f1os, as\u00ed como el consumo de redes. <\/p>\n\n<p>Durante 100 a\u00f1os, los expertos de la Oficina de Estudios Le Drezen han dise\u00f1ado y perfeccionado redes de arrastre pel\u00e1gicas adaptadas a todas las pesquer\u00edas y presentes en todos los oc\u00e9anos. Su objetivo es combinar la eficiencia de la pesca con el control de los costes, reduciendo tanto el coste de amortizaci\u00f3n como el coste de explotaci\u00f3n. <\/p>\n\n<p>Nuestras redes se fabrican en nuestra planta integrada, cubriendo todas las etapas industriales, para garantizar productos m\u00e1s ligeros, m\u00e1s resistentes y perfectamente adaptados a las exigencias del terreno.<\/p>\n\n<p>Comprometidos con los armadores para construir la pesca del ma\u00f1ana, integramos las conclusiones del proyecto HYBA para reducir el consumo de combustible y desarrollamos, a trav\u00e9s del programa Linc BioMer, redes de arrastre, redes y cabos biodegradables en el mar.<\/p>\n\n<div class=\"wp-block-buttons is-layout-flex wp-block-buttons-is-layout-flex\">\n<div class=\"wp-block-button\"><a class=\"wp-block-button__link wp-element-button\" href=\"https:\/\/www.ledrezen.com\/es\/categorie-produit\/arrastre-pelagico\/\">Ver productos<\/a><\/div>\n<\/div>\n","protected":false},"excerpt":{"rendered":"<p>Elegir una red de arrastre pel\u00e1gica Le Drezen es invertir en un rendimiento duradero. Optimiza su coste de uso gracias a una vida \u00fatil prolongada, reduce su consumo de combustible gracias a una resistencia controlada y limita los da\u00f1os, as\u00ed como el consumo de redes. Durante 100 a\u00f1os, los expertos de la Oficina de Estudios [&hellip;]<\/p>\n","protected":false},"author":2,"featured_media":1272,"parent":0,"menu_order":0,"comment_status":"closed","ping_status":"closed","template":"","meta":{"_acf_changed":false,"footnotes":""},"class_list":["post-1271","page","type-page","status-publish","has-post-thumbnail","hentry"],"acf":[],"_links":{"self":[{"href":"https:\/\/www.ledrezen.com\/es\/wp-json\/wp\/v2\/pages\/1271","targetHints":{"allow":["GET"]}}],"collection":[{"href":"https:\/\/www.ledrezen.com\/es\/wp-json\/wp\/v2\/pages"}],"about":[{"href":"https:\/\/www.ledrezen.com\/es\/wp-json\/wp\/v2\/types\/page"}],"author":[{"embeddable":true,"href":"https:\/\/www.ledrezen.com\/es\/wp-json\/wp\/v2\/users\/2"}],"replies":[{"embeddable":true,"href":"https:\/\/www.ledrezen.com\/es\/wp-json\/wp\/v2\/comments?post=1271"}],"version-history":[{"count":4,"href":"https:\/\/www.ledrezen.com\/es\/wp-json\/wp\/v2\/pages\/1271\/revisions"}],"predecessor-version":[{"id":2025,"href":"https:\/\/www.ledrezen.com\/es\/wp-json\/wp\/v2\/pages\/1271\/revisions\/2025"}],"wp:featuredmedia":[{"embeddable":true,"href":"https:\/\/www.ledrezen.com\/es\/wp-json\/wp\/v2\/media\/1272"}],"wp:attachment":[{"href":"https:\/\/www.ledrezen.com\/es\/wp-json\/wp\/v2\/media?parent=1271"}],"curies":[{"name":"wp","href":"https:\/\/api.w.org\/{rel}","templated":true}]}}