
{"id":1284,"date":"2026-02-25T11:37:01","date_gmt":"2026-02-25T10:37:01","guid":{"rendered":"https:\/\/www.ledrezen.com\/biodegradables\/"},"modified":"2026-03-04T15:30:53","modified_gmt":"2026-03-04T14:30:53","slug":"biodegradables","status":"publish","type":"page","link":"https:\/\/www.ledrezen.com\/es\/biodegradables\/","title":{"rendered":"Biodegradables"},"content":{"rendered":"\n<h2 class=\"wp-block-heading\">La innovaci\u00f3n est\u00e1 en el centro de la estrategia de Le Drezen: programa LINC Biomer 2024-2027<\/h2>\n\n<div class=\"wp-block-columns are-vertically-aligned-center is-layout-flex wp-container-core-columns-is-layout-9d6595d7 wp-block-columns-is-layout-flex\">\n<div class=\"wp-block-column is-vertically-aligned-center is-layout-flow wp-block-column-is-layout-flow\" style=\"flex-basis:12%\">\n<figure class=\"wp-block-image size-full is-resized\"><img decoding=\"async\" src=\"https:\/\/www.ledrezen.com\/wp-content\/uploads\/2026\/02\/lincbiomer-bg.svg\" alt=\"\" class=\"wp-image-734\" style=\"width:111px;height:auto\"\/><\/figure>\n<\/div>\n\n\n\n<div class=\"wp-block-column is-vertically-aligned-center is-layout-flow wp-block-column-is-layout-flow\" style=\"flex-basis:66.66%\">\n<p>Anticipamos las evoluciones del mercado, las exigencias reglamentarias y las expectativas medioambientales. Le Drezen se compromete a su lado para una pesca responsable, sostenible e innovadora. <\/p>\n\n\n\n<ul class=\"wp-block-list\">\n<li>Redes biodegradables<\/li>\n\n\n\n<li>Hilos biodegradables<\/li>\n\n\n\n<li>Cabos biodegradables<\/li>\n<\/ul>\n<\/div>\n<\/div>\n\n<div style=\"height:30px\" aria-hidden=\"true\" class=\"wp-block-spacer\"><\/div>\n\n<h2 class=\"wp-block-heading\">La innovaci\u00f3n al servicio del futuro de la pesca<\/h2>\n\n<p>Le Drezen, fundador del proyecto LINC BioMer, ha tomado la iniciativa estrat\u00e9gica de desarrollar equipos de pesca profesional biodegradables en el mar, garantizando al mismo tiempo el rendimiento esperado por los profesionales.<\/p>\n\n<p>Este proyecto disruptivo y de alcance mundial aporta respuestas concretas en la lucha contra la contaminaci\u00f3n de los oc\u00e9anos.<\/p>\n\n<div style=\"height:30px\" aria-hidden=\"true\" class=\"wp-block-spacer\"><\/div>\n\n<div class=\"wp-block-columns is-layout-flex wp-container-core-columns-is-layout-9d6595d7 wp-block-columns-is-layout-flex\">\n<div class=\"wp-block-column is-layout-flow wp-block-column-is-layout-flow\">\n<h2 class=\"wp-block-heading\">Desaf\u00edos clave<\/h2>\n\n\n\n<ul class=\"wp-block-list\">\n<li>Reducir la contaminaci\u00f3n de los oc\u00e9anos por pl\u00e1sticos <\/li>\n\n\n\n<li>Luchar contra la pesca fantasma<\/li>\n\n\n\n<li>Ir m\u00e1s all\u00e1 de las normativas actuales<\/li>\n\n\n\n<li>Garantizar la sostenibilidad de la actividad de los armadores<\/li>\n<\/ul>\n\n\n\n<hr class=\"wp-block-separator has-alpha-channel-opacity\"\/>\n<\/div>\n\n\n\n<div class=\"wp-block-column is-layout-flow wp-block-column-is-layout-flow\">\n<h2 class=\"wp-block-heading\">Una innovaci\u00f3n concreta<\/h2>\n\n\n\n<ul class=\"wp-block-list\">\n<li>Hilos, redes, cabos y redes de arrastre biodegradables en el mar<\/li>\n\n\n\n<li>Resistencia de los materiales adaptada a las exigencias de la pesca de arrastre<\/li>\n\n\n\n<li>Prueba en condiciones reales de pesca en un arrastrero<\/li>\n\n\n\n<li>Conformidad medioambiental y biodiversidad<\/li>\n<\/ul>\n\n\n\n<hr class=\"wp-block-separator has-alpha-channel-opacity\"\/>\n<\/div>\n\n\n\n<div class=\"wp-block-column is-layout-flow wp-block-column-is-layout-flow\">\n<h2 class=\"wp-block-heading\">Cifras clave<\/h2>\n\n\n\n<ul class=\"wp-block-list\">\n<li>2024-2027<\/li>\n\n\n\n<li>1,2 M\u20ac invertidos en investigaci\u00f3n y desarrollo<\/li>\n\n\n\n<li>Proyecto de alcance internacional<\/li>\n<\/ul>\n\n\n\n<hr class=\"wp-block-separator has-alpha-channel-opacity\"\/>\n<\/div>\n<\/div>\n\n<div style=\"height:30px\" aria-hidden=\"true\" class=\"wp-block-spacer\"><\/div>\n\n<p>LINC BioMer se posiciona como una soluci\u00f3n estructurante para acompa\u00f1ar la transici\u00f3n ecol\u00f3gica de la pesca y construir el futuro de la profesi\u00f3n.<\/p>\n\n<div style=\"height:30px\" aria-hidden=\"true\" class=\"wp-block-spacer\"><\/div>\n\n<h2 class=\"wp-block-heading\">Ejemplos de realizaciones<\/h2>\n\n<div class=\"wp-block-columns is-layout-flex wp-container-core-columns-is-layout-9d6595d7 wp-block-columns-is-layout-flex\">\n<div class=\"wp-block-column is-layout-flow wp-block-column-is-layout-flow\">\n<figure data-wp-context=\"{&quot;imageId&quot;:&quot;69e4473438f5d&quot;}\" data-wp-interactive=\"core\/image\" data-wp-key=\"69e4473438f5d\" class=\"wp-block-image size-large wp-lightbox-container\"><img decoding=\"async\" width=\"1920\" height=\"682\" data-wp-class--hide=\"state.isContentHidden\" data-wp-class--show=\"state.isContentVisible\" data-wp-init=\"callbacks.setButtonStyles\" data-wp-on--click=\"actions.showLightbox\" data-wp-on--load=\"callbacks.setButtonStyles\" data-wp-on-window--resize=\"callbacks.setButtonStyles\" src=\"https:\/\/www.ledrezen.com\/wp-content\/uploads\/2026\/02\/fabrication-de-filet-et-conception-de-dispositif-sur-mesure-pour-cuve-de-gazometre-1-1920x682.jpg\" alt=\"\" class=\"wp-image-673\" srcset=\"https:\/\/www.ledrezen.com\/wp-content\/uploads\/2026\/02\/fabrication-de-filet-et-conception-de-dispositif-sur-mesure-pour-cuve-de-gazometre-1-1920x682.jpg 1920w, https:\/\/www.ledrezen.com\/wp-content\/uploads\/2026\/02\/fabrication-de-filet-et-conception-de-dispositif-sur-mesure-pour-cuve-de-gazometre-1-600x213.jpg 600w, https:\/\/www.ledrezen.com\/wp-content\/uploads\/2026\/02\/fabrication-de-filet-et-conception-de-dispositif-sur-mesure-pour-cuve-de-gazometre-1-768x273.jpg 768w, https:\/\/www.ledrezen.com\/wp-content\/uploads\/2026\/02\/fabrication-de-filet-et-conception-de-dispositif-sur-mesure-pour-cuve-de-gazometre-1-1536x546.jpg 1536w, https:\/\/www.ledrezen.com\/wp-content\/uploads\/2026\/02\/fabrication-de-filet-et-conception-de-dispositif-sur-mesure-pour-cuve-de-gazometre-1.jpg 1970w\" sizes=\"(max-width: 1920px) 100vw, 1920px\" \/><button\n\t\t\tclass=\"lightbox-trigger\"\n\t\t\ttype=\"button\"\n\t\t\taria-haspopup=\"dialog\"\n\t\t\taria-label=\"Agrandar\"\n\t\t\tdata-wp-init=\"callbacks.initTriggerButton\"\n\t\t\tdata-wp-on--click=\"actions.showLightbox\"\n\t\t\tdata-wp-style--right=\"state.imageButtonRight\"\n\t\t\tdata-wp-style--top=\"state.imageButtonTop\"\n\t\t>\n\t\t\t<svg xmlns=\"http:\/\/www.w3.org\/2000\/svg\" width=\"12\" height=\"12\" fill=\"none\" viewBox=\"0 0 12 12\">\n\t\t\t\t<path fill=\"#fff\" d=\"M2 0a2 2 0 0 0-2 2v2h1.5V2a.5.5 0 0 1 .5-.5h2V0H2Zm2 10.5H2a.5.5 0 0 1-.5-.5V8H0v2a2 2 0 0 0 2 2h2v-1.5ZM8 12v-1.5h2a.5.5 0 0 0 .5-.5V8H12v2a2 2 0 0 1-2 2H8Zm2-12a2 2 0 0 1 2 2v2h-1.5V2a.5.5 0 0 0-.5-.5H8V0h2Z\" \/>\n\t\t\t<\/svg>\n\t\t<\/button><\/figure>\n\n\n\n<div style=\"height:30px\" aria-hidden=\"true\" class=\"wp-block-spacer\"><\/div>\n\n\n\n<p><strong>Fabricaci\u00f3n de red y dise\u00f1o de dispositivo a medida para cuba de gas\u00f3metro<\/strong><\/p>\n\n\n\n<p>La red de cuba tiene un doble papel: evitar una posible ca\u00edda de las membranas de cobertura en el digestor y fijar el azufre contenido en el biog\u00e1s que ser\u00eda nocivo para los elementos motores del digestor.<\/p>\n<\/div>\n\n\n\n<div class=\"wp-block-column is-layout-flow wp-block-column-is-layout-flow\">\n<figure data-wp-context=\"{&quot;imageId&quot;:&quot;69e447343981a&quot;}\" data-wp-interactive=\"core\/image\" data-wp-key=\"69e447343981a\" class=\"wp-block-image size-large wp-lightbox-container\"><img decoding=\"async\" width=\"1920\" height=\"682\" data-wp-class--hide=\"state.isContentHidden\" data-wp-class--show=\"state.isContentVisible\" data-wp-init=\"callbacks.setButtonStyles\" data-wp-on--click=\"actions.showLightbox\" data-wp-on--load=\"callbacks.setButtonStyles\" data-wp-on-window--resize=\"callbacks.setButtonStyles\" src=\"https:\/\/www.ledrezen.com\/wp-content\/uploads\/2026\/02\/croix-de-saint-andre-groupe-adp-charles-de-gaulle-2-1920x682.jpg\" alt=\"\" class=\"wp-image-670\" srcset=\"https:\/\/www.ledrezen.com\/wp-content\/uploads\/2026\/02\/croix-de-saint-andre-groupe-adp-charles-de-gaulle-2-1920x682.jpg 1920w, https:\/\/www.ledrezen.com\/wp-content\/uploads\/2026\/02\/croix-de-saint-andre-groupe-adp-charles-de-gaulle-2-600x213.jpg 600w, https:\/\/www.ledrezen.com\/wp-content\/uploads\/2026\/02\/croix-de-saint-andre-groupe-adp-charles-de-gaulle-2-768x273.jpg 768w, https:\/\/www.ledrezen.com\/wp-content\/uploads\/2026\/02\/croix-de-saint-andre-groupe-adp-charles-de-gaulle-2-1536x546.jpg 1536w, https:\/\/www.ledrezen.com\/wp-content\/uploads\/2026\/02\/croix-de-saint-andre-groupe-adp-charles-de-gaulle-2.jpg 1970w\" sizes=\"(max-width: 1920px) 100vw, 1920px\" \/><button\n\t\t\tclass=\"lightbox-trigger\"\n\t\t\ttype=\"button\"\n\t\t\taria-haspopup=\"dialog\"\n\t\t\taria-label=\"Agrandar\"\n\t\t\tdata-wp-init=\"callbacks.initTriggerButton\"\n\t\t\tdata-wp-on--click=\"actions.showLightbox\"\n\t\t\tdata-wp-style--right=\"state.imageButtonRight\"\n\t\t\tdata-wp-style--top=\"state.imageButtonTop\"\n\t\t>\n\t\t\t<svg xmlns=\"http:\/\/www.w3.org\/2000\/svg\" width=\"12\" height=\"12\" fill=\"none\" viewBox=\"0 0 12 12\">\n\t\t\t\t<path fill=\"#fff\" d=\"M2 0a2 2 0 0 0-2 2v2h1.5V2a.5.5 0 0 1 .5-.5h2V0H2Zm2 10.5H2a.5.5 0 0 1-.5-.5V8H0v2a2 2 0 0 0 2 2h2v-1.5ZM8 12v-1.5h2a.5.5 0 0 0 .5-.5V8H12v2a2 2 0 0 1-2 2H8Zm2-12a2 2 0 0 1 2 2v2h-1.5V2a.5.5 0 0 0-.5-.5H8V0h2Z\" \/>\n\t\t\t<\/svg>\n\t\t<\/button><\/figure>\n\n\n\n<div style=\"height:30px\" aria-hidden=\"true\" class=\"wp-block-spacer\"><\/div>\n\n\n\n<p><strong>Cruz de San Andr\u00e9s \u2013 Grupo ADP<\/strong><\/p>\n\n\n\n<p>Redes dedicadas a la se\u00f1alizaci\u00f3n aeroportuaria: una soluci\u00f3n a medida en red y trenza pesada, dise\u00f1ada para resistir las condiciones meteorol\u00f3gicas m\u00e1s exigentes. Instalaci\u00f3n m\u00e1s r\u00e1pida para una mejor reactividad sobre el terreno, duradera y reutilizable, sin recurrir a la pintura. <\/p>\n<\/div>\n\n\n\n<div class=\"wp-block-column is-layout-flow wp-block-column-is-layout-flow\">\n<figure data-wp-context=\"{&quot;imageId&quot;:&quot;69e447343a15a&quot;}\" data-wp-interactive=\"core\/image\" data-wp-key=\"69e447343a15a\" class=\"wp-block-image size-large wp-lightbox-container\"><img decoding=\"async\" width=\"1920\" height=\"682\" data-wp-class--hide=\"state.isContentHidden\" data-wp-class--show=\"state.isContentVisible\" data-wp-init=\"callbacks.setButtonStyles\" data-wp-on--click=\"actions.showLightbox\" data-wp-on--load=\"callbacks.setButtonStyles\" data-wp-on-window--resize=\"callbacks.setButtonStyles\" src=\"https:\/\/www.ledrezen.com\/wp-content\/uploads\/2026\/02\/filet-de-filtration-pour-eaux-pluviales-vinci-construction-1920x682.jpg\" alt=\"\" class=\"wp-image-674\" srcset=\"https:\/\/www.ledrezen.com\/wp-content\/uploads\/2026\/02\/filet-de-filtration-pour-eaux-pluviales-vinci-construction-1920x682.jpg 1920w, https:\/\/www.ledrezen.com\/wp-content\/uploads\/2026\/02\/filet-de-filtration-pour-eaux-pluviales-vinci-construction-600x213.jpg 600w, https:\/\/www.ledrezen.com\/wp-content\/uploads\/2026\/02\/filet-de-filtration-pour-eaux-pluviales-vinci-construction-768x273.jpg 768w, https:\/\/www.ledrezen.com\/wp-content\/uploads\/2026\/02\/filet-de-filtration-pour-eaux-pluviales-vinci-construction-1536x546.jpg 1536w, https:\/\/www.ledrezen.com\/wp-content\/uploads\/2026\/02\/filet-de-filtration-pour-eaux-pluviales-vinci-construction.jpg 1970w\" sizes=\"(max-width: 1920px) 100vw, 1920px\" \/><button\n\t\t\tclass=\"lightbox-trigger\"\n\t\t\ttype=\"button\"\n\t\t\taria-haspopup=\"dialog\"\n\t\t\taria-label=\"Agrandar\"\n\t\t\tdata-wp-init=\"callbacks.initTriggerButton\"\n\t\t\tdata-wp-on--click=\"actions.showLightbox\"\n\t\t\tdata-wp-style--right=\"state.imageButtonRight\"\n\t\t\tdata-wp-style--top=\"state.imageButtonTop\"\n\t\t>\n\t\t\t<svg xmlns=\"http:\/\/www.w3.org\/2000\/svg\" width=\"12\" height=\"12\" fill=\"none\" viewBox=\"0 0 12 12\">\n\t\t\t\t<path fill=\"#fff\" d=\"M2 0a2 2 0 0 0-2 2v2h1.5V2a.5.5 0 0 1 .5-.5h2V0H2Zm2 10.5H2a.5.5 0 0 1-.5-.5V8H0v2a2 2 0 0 0 2 2h2v-1.5ZM8 12v-1.5h2a.5.5 0 0 0 .5-.5V8H12v2a2 2 0 0 1-2 2H8Zm2-12a2 2 0 0 1 2 2v2h-1.5V2a.5.5 0 0 0-.5-.5H8V0h2Z\" \/>\n\t\t\t<\/svg>\n\t\t<\/button><\/figure>\n\n\n\n<div style=\"height:30px\" aria-hidden=\"true\" class=\"wp-block-spacer\"><\/div>\n\n\n\n<p><strong>Red de filtraci\u00f3n para aguas pluviales \u2013 Vinci Construction<\/strong><\/p>\n\n\n\n<p>Red de filtraci\u00f3n para aguas pluviales: una soluci\u00f3n eficaz para retener los residuos y contaminantes antes de su vertido en la red.<\/p>\n<\/div>\n<\/div>\n\n<div style=\"height:30px\" aria-hidden=\"true\" class=\"wp-block-spacer\"><\/div>\n\n<div class=\"wp-block-buttons is-layout-flex wp-block-buttons-is-layout-flex\">\n<div class=\"wp-block-button\"><a class=\"wp-block-button__link wp-element-button\" href=\"https:\/\/www.ledrezen.com\/es\/proyectos\/\">Descubra todas nuestras realizaciones<\/a><\/div>\n<\/div>\n\n<p><\/p>\n","protected":false},"excerpt":{"rendered":"<p>La innovaci\u00f3n est\u00e1 en el centro de la estrategia de Le Drezen: programa LINC Biomer 2024-2027 Anticipamos las evoluciones del mercado, las exigencias reglamentarias y las expectativas medioambientales. Le Drezen se compromete a su lado para una pesca responsable, sostenible e innovadora. La innovaci\u00f3n al servicio del futuro de la pesca Le Drezen, fundador del [&hellip;]<\/p>\n","protected":false},"author":2,"featured_media":1285,"parent":0,"menu_order":0,"comment_status":"closed","ping_status":"closed","template":"","meta":{"_acf_changed":false,"footnotes":""},"class_list":["post-1284","page","type-page","status-publish","has-post-thumbnail","hentry"],"acf":[],"_links":{"self":[{"href":"https:\/\/www.ledrezen.com\/es\/wp-json\/wp\/v2\/pages\/1284","targetHints":{"allow":["GET"]}}],"collection":[{"href":"https:\/\/www.ledrezen.com\/es\/wp-json\/wp\/v2\/pages"}],"about":[{"href":"https:\/\/www.ledrezen.com\/es\/wp-json\/wp\/v2\/types\/page"}],"author":[{"embeddable":true,"href":"https:\/\/www.ledrezen.com\/es\/wp-json\/wp\/v2\/users\/2"}],"replies":[{"embeddable":true,"href":"https:\/\/www.ledrezen.com\/es\/wp-json\/wp\/v2\/comments?post=1284"}],"version-history":[{"count":2,"href":"https:\/\/www.ledrezen.com\/es\/wp-json\/wp\/v2\/pages\/1284\/revisions"}],"predecessor-version":[{"id":1331,"href":"https:\/\/www.ledrezen.com\/es\/wp-json\/wp\/v2\/pages\/1284\/revisions\/1331"}],"wp:featuredmedia":[{"embeddable":true,"href":"https:\/\/www.ledrezen.com\/es\/wp-json\/wp\/v2\/media\/1285"}],"wp:attachment":[{"href":"https:\/\/www.ledrezen.com\/es\/wp-json\/wp\/v2\/media?parent=1284"}],"curies":[{"name":"wp","href":"https:\/\/api.w.org\/{rel}","templated":true}]}}