
{"id":1287,"date":"2026-02-25T12:03:50","date_gmt":"2026-02-25T11:03:50","guid":{"rendered":"https:\/\/www.ledrezen.com\/biogas\/"},"modified":"2026-03-04T16:18:00","modified_gmt":"2026-03-04T15:18:00","slug":"biogas","status":"publish","type":"page","link":"https:\/\/www.ledrezen.com\/es\/biogas\/","title":{"rendered":"Biog\u00e1s"},"content":{"rendered":"\n<h2 class=\"wp-block-heading\">Soluciones adaptadas a instalaciones de biog\u00e1s<\/h2>\n\n<p>Le Drezen pone su experiencia en dise\u00f1o y fabricaci\u00f3n industrial de redes al servicio del sector del biog\u00e1s. <\/p>\n\n<p>L\u00edder en el mercado alem\u00e1n de redes de desulfuraci\u00f3n, la empresa desarrolla soluciones fiables y duraderas, adaptadas a las exigencias t\u00e9cnicas y medioambientales de las instalaciones de metanizaci\u00f3n, y plenamente integradas en la transici\u00f3n energ\u00e9tica.<\/p>\n\n<p><strong>Las redes para silos y dep\u00f3sitos desempe\u00f1an una doble funci\u00f3n esencial:<\/strong><\/p>\n\n<ul class=\"wp-block-list\">\n<li>Asegurar las operaciones de mantenimiento evitando la ca\u00edda de las membranas de<br\/>cobertura en el digestor,<\/li>\n\n\n\n<li>Fijar el azufre contenido en el biog\u00e1s para proteger los elementos motores de las<br\/>instalaciones.<\/li>\n<\/ul>\n\n<p>Dise\u00f1adas para resistir la abrasi\u00f3n, los gases emitidos y las condiciones de explotaci\u00f3n extremas, nuestras redes cumplen con elevadas exigencias de seguridad, rendimiento y durabilidad.<\/p>\n\n<div class=\"wp-block-buttons is-layout-flex wp-block-buttons-is-layout-flex\">\n<div class=\"wp-block-button\"><a class=\"wp-block-button__link wp-element-button\" href=\"https:\/\/www.ledrezen.com\/es\/categorie-produit\/biogas\/\">Ver los productos<\/a><\/div>\n<\/div>\n","protected":false},"excerpt":{"rendered":"<p>Soluciones adaptadas a instalaciones de biog\u00e1s Le Drezen pone su experiencia en dise\u00f1o y fabricaci\u00f3n industrial de redes al servicio del sector del biog\u00e1s. L\u00edder en el mercado alem\u00e1n de redes de desulfuraci\u00f3n, la empresa desarrolla soluciones fiables y duraderas, adaptadas a las exigencias t\u00e9cnicas y medioambientales de las instalaciones de metanizaci\u00f3n, y plenamente integradas [&hellip;]<\/p>\n","protected":false},"author":2,"featured_media":0,"parent":0,"menu_order":0,"comment_status":"closed","ping_status":"closed","template":"","meta":{"_acf_changed":false,"footnotes":""},"class_list":["post-1287","page","type-page","status-publish","hentry"],"acf":[],"_links":{"self":[{"href":"https:\/\/www.ledrezen.com\/es\/wp-json\/wp\/v2\/pages\/1287","targetHints":{"allow":["GET"]}}],"collection":[{"href":"https:\/\/www.ledrezen.com\/es\/wp-json\/wp\/v2\/pages"}],"about":[{"href":"https:\/\/www.ledrezen.com\/es\/wp-json\/wp\/v2\/types\/page"}],"author":[{"embeddable":true,"href":"https:\/\/www.ledrezen.com\/es\/wp-json\/wp\/v2\/users\/2"}],"replies":[{"embeddable":true,"href":"https:\/\/www.ledrezen.com\/es\/wp-json\/wp\/v2\/comments?post=1287"}],"version-history":[{"count":2,"href":"https:\/\/www.ledrezen.com\/es\/wp-json\/wp\/v2\/pages\/1287\/revisions"}],"predecessor-version":[{"id":2027,"href":"https:\/\/www.ledrezen.com\/es\/wp-json\/wp\/v2\/pages\/1287\/revisions\/2027"}],"wp:attachment":[{"href":"https:\/\/www.ledrezen.com\/es\/wp-json\/wp\/v2\/media?parent=1287"}],"curies":[{"name":"wp","href":"https:\/\/api.w.org\/{rel}","templated":true}]}}