
{"id":1297,"date":"2026-02-23T15:07:46","date_gmt":"2026-02-23T14:07:46","guid":{"rendered":"https:\/\/www.ledrezen.com\/aviso-legal\/"},"modified":"2026-03-04T15:29:37","modified_gmt":"2026-03-04T14:29:37","slug":"aviso-legal","status":"publish","type":"page","link":"https:\/\/www.ledrezen.com\/es\/aviso-legal\/","title":{"rendered":"Aviso legal"},"content":{"rendered":"\n<h2 class=\"wp-block-heading\">Edici\u00f3n<\/h2>\n\n<p>Director de la publicaci\u00f3n: Max Dufour<br\/>Datos de contacto:<br\/>Le Drezen<br\/>12 rue de Kelareun, 29730<br\/>Guilvinec-Treffiagat<\/p>\n\n<div style=\"height:30px\" aria-hidden=\"true\" class=\"wp-block-spacer\"><\/div>\n\n<h2 class=\"wp-block-heading\">Alojamiento y realizaci\u00f3n del sitio<\/h2>\n\n<p>El sitio www.ledrezen.com est\u00e1 alojado por la empresa OVH:<br\/>RCS Roubaix \u2013 Tourcoing 424 761 419 0045<br\/>Sede social: 2 rue Kellerman \u2013 59100 Roubaix \u2013 Francia<br\/>Concepci\u00f3n, dise\u00f1o y desarrollo: <a href=\"https:\/\/www.pixel.bzh\" data-type=\"URL\" data-id=\"https:\/\/www.pixel.bzh\" target=\"_blank\" rel=\"noreferrer noopener\">Pixel agence web<\/a><\/p>\n\n<div style=\"height:30px\" aria-hidden=\"true\" class=\"wp-block-spacer\"><\/div>\n\n<h2 class=\"wp-block-heading\">Legislaci\u00f3n<\/h2>\n\n<p>Derechos de autor y propiedad intelectual Seg\u00fan la ley del 11 de marzo de 1957 (art. 41) y el c\u00f3digo de la propiedad intelectual del 1 de julio de 1992, el sitio web www.ledrezen.com (textos, elementos gr\u00e1ficos, fotograf\u00edas, etc.) constituye una obra protegida en Francia por el C\u00f3digo de la Propiedad Intelectual, y en el extranjero por las convenciones internacionales vigentes sobre derechos de autor.<\/p>\n\n<div style=\"height:30px\" aria-hidden=\"true\" class=\"wp-block-spacer\"><\/div>\n\n<h2 class=\"wp-block-heading\">Datos de car\u00e1cter personal<\/h2>\n\n<p>En aplicaci\u00f3n de la ley n.\u00ba 78-17 del 6 de enero de 1978 relativa a la inform\u00e1tica, a los ficheros y a las libertades, el usuario dispone del derecho de oposici\u00f3n (art. 26 de la ley), de acceso (art. 34 a 38 de la ley) y de rectificaci\u00f3n.<\/p>\n\n<p>Para ejercer este derecho puede dirigirse a:<br\/>Le Drezen<br\/>12 rue de Kelareun, 29730<br\/>Guilvinec-Treffiagat<\/p>\n\n<div style=\"height:30px\" aria-hidden=\"true\" class=\"wp-block-spacer\"><\/div>\n\n<h2 class=\"wp-block-heading\">Informaci\u00f3n<\/h2>\n\n<p>La presencia de enlaces de hipertexto hacia otros sitios web no compromete la responsabilidad de la empresa Le Drezen. Estos enlaces se facilitan \u00fanicamente a t\u00edtulo indicativo.<\/p>\n","protected":false},"excerpt":{"rendered":"<p>Edici\u00f3n Director de la publicaci\u00f3n: Max DufourDatos de contacto:Le Drezen12 rue de Kelareun, 29730Guilvinec-Treffiagat Alojamiento y realizaci\u00f3n del sitio El sitio www.ledrezen.com est\u00e1 alojado por la empresa OVH:RCS Roubaix \u2013 Tourcoing 424 761 419 0045Sede social: 2 rue Kellerman \u2013 59100 Roubaix \u2013 FranciaConcepci\u00f3n, dise\u00f1o y desarrollo: Pixel agence web Legislaci\u00f3n Derechos de autor y [&hellip;]<\/p>\n","protected":false},"author":1,"featured_media":0,"parent":0,"menu_order":0,"comment_status":"closed","ping_status":"closed","template":"","meta":{"_acf_changed":false,"footnotes":""},"class_list":["post-1297","page","type-page","status-publish","hentry"],"acf":[],"_links":{"self":[{"href":"https:\/\/www.ledrezen.com\/es\/wp-json\/wp\/v2\/pages\/1297","targetHints":{"allow":["GET"]}}],"collection":[{"href":"https:\/\/www.ledrezen.com\/es\/wp-json\/wp\/v2\/pages"}],"about":[{"href":"https:\/\/www.ledrezen.com\/es\/wp-json\/wp\/v2\/types\/page"}],"author":[{"embeddable":true,"href":"https:\/\/www.ledrezen.com\/es\/wp-json\/wp\/v2\/users\/1"}],"replies":[{"embeddable":true,"href":"https:\/\/www.ledrezen.com\/es\/wp-json\/wp\/v2\/comments?post=1297"}],"version-history":[{"count":1,"href":"https:\/\/www.ledrezen.com\/es\/wp-json\/wp\/v2\/pages\/1297\/revisions"}],"predecessor-version":[{"id":1298,"href":"https:\/\/www.ledrezen.com\/es\/wp-json\/wp\/v2\/pages\/1297\/revisions\/1298"}],"wp:attachment":[{"href":"https:\/\/www.ledrezen.com\/es\/wp-json\/wp\/v2\/media?parent=1297"}],"curies":[{"name":"wp","href":"https:\/\/api.w.org\/{rel}","templated":true}]}}